{"id":2866,"date":"2021-12-02T01:54:38","date_gmt":"2021-12-02T01:54:38","guid":{"rendered":"https:\/\/nebula93.com\/?page_id=2866"},"modified":"2026-04-21T14:32:07","modified_gmt":"2026-04-21T14:32:07","slug":"nosotrxs","status":"publish","type":"page","link":"https:\/\/helsinkipro.com\/en\/nosotrxs\/","title":{"rendered":"us"},"content":{"rendered":"<p>El equipo de HKpro<\/p>\n<p>Seo text <strong>Lorem Ipsum<\/strong>\u00a0es simplemente el texto de relleno de las imprentas y archivos de texto. Lorem Ipsum ha sido el texto de relleno est\u00e1ndar de las industrias desde el a\u00f1o 1500, cuando un impresor (N. del T. persona que se dedica a la imprenta) desconocido us\u00f3 una galer\u00eda de textos y los mezcl\u00f3 de tal manera que logr\u00f3 hacer un libro de textos especimen. No s\u00f3lo sobrevivi\u00f3 500 a\u00f1os, sino que tambien ingres\u00f3 como texto de relleno en documentos electr\u00f3nicos, quedando esencialmente igual al original. Fue popularizado en los 60s con la creaci\u00f3n de las hojas \u00abLetraset\u00bb, las cuales contenian pasajes de Lorem Ipsum, y m\u00e1s recientemente con software de autoedici\u00f3n, como por ejemplo Aldus PageMaker, el cual incluye versiones de Lorem Ipsum.<\/p>","protected":false},"excerpt":{"rendered":"<p>El equipo de HKpro Seo text Lorem Ipsum\u00a0es simplemente el texto de relleno de las imprentas y archivos de texto. Lorem Ipsum ha sido el texto de relleno est\u00e1ndar de las industrias desde el a\u00f1o 1500, cuando un impresor (N. del T. persona que se dedica a la imprenta) desconocido us\u00f3 una galer\u00eda de textos [&hellip;]<\/p>\n","protected":false},"author":1,"featured_media":3258,"parent":0,"menu_order":0,"comment_status":"closed","ping_status":"closed","template":"about-page.php","meta":{"om_disable_all_campaigns":false,"_monsterinsights_skip_tracking":false,"_monsterinsights_sitenote_active":false,"_monsterinsights_sitenote_note":"","_monsterinsights_sitenote_category":0,"_uf_show_specific_survey":0,"_uf_disable_surveys":false,"_cloudinary_featured_overwrite":false,"footnotes":""},"class_list":["post-2866","page","type-page","status-publish","has-post-thumbnail","hentry"],"acf":[],"yoast_head":"<!-- This site is optimized with the Yoast SEO plugin v27.4 - https:\/\/yoast.com\/product\/yoast-seo-wordpress\/ -->\n<title>Nosotrxs - HELSINKIPRO - Record Label, Booking, Management &amp; Merch<\/title>\n<meta name=\"description\" content=\"Durante casi una d\u00e9cada el equipo de Helsinkipro ha posicionado a toda una nueva generaci\u00f3n de artistas, asesorandoles en el camino.\" \/>\n<meta name=\"robots\" content=\"index, follow, max-snippet:-1, max-image-preview:large, max-video-preview:-1\" \/>\n<link rel=\"canonical\" href=\"https:\/\/helsinkipro.com\/en\/nosotrxs\/\" \/>\n<meta property=\"og:locale\" content=\"en_US\" \/>\n<meta property=\"og:type\" content=\"article\" \/>\n<meta property=\"og:title\" content=\"Nosotrxs - HELSINKIPRO - Record Label, Booking, Management &amp; Merch\" \/>\n<meta property=\"og:description\" content=\"Durante casi una d\u00e9cada el equipo de Helsinkipro ha posicionado a toda una nueva generaci\u00f3n de artistas, asesorandoles en el camino.\" \/>\n<meta property=\"og:url\" content=\"https:\/\/helsinkipro.com\/en\/nosotrxs\/\" \/>\n<meta property=\"og:site_name\" content=\"HELSINKIPRO - Record Label, Booking, Management &amp; Merch\" \/>\n<meta property=\"article:publisher\" content=\"https:\/\/www.facebook.com\/helsinkiprobcn\/\" \/>\n<meta property=\"article:modified_time\" content=\"2026-04-21T14:32:07+00:00\" \/>\n<meta property=\"og:image\" content=\"https:\/\/res.cloudinary.com\/dtlfqu2xj\/images\/f_auto,q_auto\/v1657767002\/HKPRO\/cropped-favicon-logo\/cropped-favicon-logo.png?_i=AA\" \/>\n\t<meta property=\"og:image:width\" content=\"512\" \/>\n\t<meta property=\"og:image:height\" content=\"512\" \/>\n\t<meta property=\"og:image:type\" content=\"image\/png\" \/>\n<meta name=\"twitter:card\" content=\"summary_large_image\" \/>\n<meta name=\"twitter:site\" content=\"@helsinkipro\" \/>\n<meta name=\"twitter:label1\" content=\"Est. reading time\" \/>\n\t<meta name=\"twitter:data1\" content=\"1 minute\" \/>\n<script type=\"application\/ld+json\" class=\"yoast-schema-graph\">{\"@context\":\"https:\\\/\\\/schema.org\",\"@graph\":[{\"@type\":\"WebPage\",\"@id\":\"https:\\\/\\\/helsinkipro.com\\\/nosotrxs\\\/\",\"url\":\"https:\\\/\\\/helsinkipro.com\\\/nosotrxs\\\/\",\"name\":\"Nosotrxs - HELSINKIPRO - Record Label, Booking, Management &amp; Merch\",\"isPartOf\":{\"@id\":\"https:\\\/\\\/helsinkipro.com\\\/#website\"},\"primaryImageOfPage\":{\"@id\":\"https:\\\/\\\/helsinkipro.com\\\/nosotrxs\\\/#primaryimage\"},\"image\":{\"@id\":\"https:\\\/\\\/helsinkipro.com\\\/nosotrxs\\\/#primaryimage\"},\"thumbnailUrl\":\"https:\\\/\\\/res.cloudinary.com\\\/dtlfqu2xj\\\/images\\\/f_auto,q_auto\\\/v1657767002\\\/HKPRO\\\/cropped-favicon-logo\\\/cropped-favicon-logo.png?_i=AA\",\"datePublished\":\"2021-12-02T01:54:38+00:00\",\"dateModified\":\"2026-04-21T14:32:07+00:00\",\"description\":\"Durante casi una d\u00e9cada el equipo de Helsinkipro ha posicionado a toda una nueva generaci\u00f3n de artistas, asesorandoles en el camino.\",\"breadcrumb\":{\"@id\":\"https:\\\/\\\/helsinkipro.com\\\/nosotrxs\\\/#breadcrumb\"},\"inLanguage\":\"en-US\",\"potentialAction\":[{\"@type\":\"ReadAction\",\"target\":[\"https:\\\/\\\/helsinkipro.com\\\/nosotrxs\\\/\"]}]},{\"@type\":\"ImageObject\",\"inLanguage\":\"en-US\",\"@id\":\"https:\\\/\\\/helsinkipro.com\\\/nosotrxs\\\/#primaryimage\",\"url\":\"https:\\\/\\\/res.cloudinary.com\\\/dtlfqu2xj\\\/images\\\/f_auto,q_auto\\\/v1657767002\\\/HKPRO\\\/cropped-favicon-logo\\\/cropped-favicon-logo.png?_i=AA\",\"contentUrl\":\"https:\\\/\\\/res.cloudinary.com\\\/dtlfqu2xj\\\/images\\\/f_auto,q_auto\\\/v1657767002\\\/HKPRO\\\/cropped-favicon-logo\\\/cropped-favicon-logo.png?_i=AA\",\"width\":512,\"height\":512,\"caption\":\"Helsinkipro Logo\"},{\"@type\":\"BreadcrumbList\",\"@id\":\"https:\\\/\\\/helsinkipro.com\\\/nosotrxs\\\/#breadcrumb\",\"itemListElement\":[{\"@type\":\"ListItem\",\"position\":1,\"name\":\"Portada\",\"item\":\"https:\\\/\\\/helsinkipro.com\\\/\"},{\"@type\":\"ListItem\",\"position\":2,\"name\":\"Nosotrxs\"}]},{\"@type\":\"WebSite\",\"@id\":\"https:\\\/\\\/helsinkipro.com\\\/#website\",\"url\":\"https:\\\/\\\/helsinkipro.com\\\/\",\"name\":\"HELSINKIPRO - Record Label, Booking, Management & Merch\",\"description\":\"Somos Helsinkipro, el sello discogr\u00e1fico de m\u00fasica urbana dedicado a la producci\u00f3n musical, booking, management de artistas y merchandising oficial para fans.\",\"publisher\":{\"@id\":\"https:\\\/\\\/helsinkipro.com\\\/#organization\"},\"potentialAction\":[{\"@type\":\"SearchAction\",\"target\":{\"@type\":\"EntryPoint\",\"urlTemplate\":\"https:\\\/\\\/helsinkipro.com\\\/?s={search_term_string}\"},\"query-input\":{\"@type\":\"PropertyValueSpecification\",\"valueRequired\":true,\"valueName\":\"search_term_string\"}}],\"inLanguage\":\"en-US\"},{\"@type\":\"Organization\",\"@id\":\"https:\\\/\\\/helsinkipro.com\\\/#organization\",\"name\":\"HELSINKIPRO - Record Label, Booking, Management & Merch\",\"url\":\"https:\\\/\\\/helsinkipro.com\\\/\",\"logo\":{\"@type\":\"ImageObject\",\"inLanguage\":\"en-US\",\"@id\":\"https:\\\/\\\/helsinkipro.com\\\/#\\\/schema\\\/logo\\\/image\\\/\",\"url\":\"https:\\\/\\\/res.cloudinary.com\\\/dtlfqu2xj\\\/images\\\/f_auto,q_auto\\\/v1686759603\\\/HKPRO\\\/HELSINKIPRO_SHOPIFY\\\/HELSINKIPRO_SHOPIFY.jpg?_i=AA\",\"contentUrl\":\"https:\\\/\\\/res.cloudinary.com\\\/dtlfqu2xj\\\/images\\\/f_auto,q_auto\\\/v1686759603\\\/HKPRO\\\/HELSINKIPRO_SHOPIFY\\\/HELSINKIPRO_SHOPIFY.jpg?_i=AA\",\"width\":1200,\"height\":628,\"caption\":\"HELSINKIPRO - Record Label, Booking, Management & Merch\"},\"image\":{\"@id\":\"https:\\\/\\\/helsinkipro.com\\\/#\\\/schema\\\/logo\\\/image\\\/\"},\"sameAs\":[\"https:\\\/\\\/www.facebook.com\\\/helsinkiprobcn\\\/\",\"https:\\\/\\\/x.com\\\/helsinkipro\",\"https:\\\/\\\/www.instagram.com\\\/helsinki_pro\\\/\",\"https:\\\/\\\/www.tiktok.com\\\/@helsinkipro?lang=en\"]}]}<\/script>\n<!-- \/ Yoast SEO plugin. -->","yoast_head_json":{"title":"Nosotrxs - HELSINKIPRO - Record Label, Booking, Management &amp; Merch","description":"Durante casi una d\u00e9cada el equipo de Helsinkipro ha posicionado a toda una nueva generaci\u00f3n de artistas, asesorandoles en el camino.","robots":{"index":"index","follow":"follow","max-snippet":"max-snippet:-1","max-image-preview":"max-image-preview:large","max-video-preview":"max-video-preview:-1"},"canonical":"https:\/\/helsinkipro.com\/en\/nosotrxs\/","og_locale":"en_US","og_type":"article","og_title":"Nosotrxs - HELSINKIPRO - Record Label, Booking, Management &amp; Merch","og_description":"Durante casi una d\u00e9cada el equipo de Helsinkipro ha posicionado a toda una nueva generaci\u00f3n de artistas, asesorandoles en el camino.","og_url":"https:\/\/helsinkipro.com\/en\/nosotrxs\/","og_site_name":"HELSINKIPRO - Record Label, Booking, Management &amp; Merch","article_publisher":"https:\/\/www.facebook.com\/helsinkiprobcn\/","article_modified_time":"2026-04-21T14:32:07+00:00","og_image":[{"width":512,"height":512,"url":"https:\/\/res.cloudinary.com\/dtlfqu2xj\/images\/f_auto,q_auto\/v1657767002\/HKPRO\/cropped-favicon-logo\/cropped-favicon-logo.png?_i=AA","type":"image\/png"}],"twitter_card":"summary_large_image","twitter_site":"@helsinkipro","twitter_misc":{"Est. reading time":"1 minute"},"schema":{"@context":"https:\/\/schema.org","@graph":[{"@type":"WebPage","@id":"https:\/\/helsinkipro.com\/nosotrxs\/","url":"https:\/\/helsinkipro.com\/nosotrxs\/","name":"Nosotrxs - HELSINKIPRO - Record Label, Booking, Management &amp; Merch","isPartOf":{"@id":"https:\/\/helsinkipro.com\/#website"},"primaryImageOfPage":{"@id":"https:\/\/helsinkipro.com\/nosotrxs\/#primaryimage"},"image":{"@id":"https:\/\/helsinkipro.com\/nosotrxs\/#primaryimage"},"thumbnailUrl":"https:\/\/res.cloudinary.com\/dtlfqu2xj\/images\/f_auto,q_auto\/v1657767002\/HKPRO\/cropped-favicon-logo\/cropped-favicon-logo.png?_i=AA","datePublished":"2021-12-02T01:54:38+00:00","dateModified":"2026-04-21T14:32:07+00:00","description":"Durante casi una d\u00e9cada el equipo de Helsinkipro ha posicionado a toda una nueva generaci\u00f3n de artistas, asesorandoles en el camino.","breadcrumb":{"@id":"https:\/\/helsinkipro.com\/nosotrxs\/#breadcrumb"},"inLanguage":"en-US","potentialAction":[{"@type":"ReadAction","target":["https:\/\/helsinkipro.com\/nosotrxs\/"]}]},{"@type":"ImageObject","inLanguage":"en-US","@id":"https:\/\/helsinkipro.com\/nosotrxs\/#primaryimage","url":"https:\/\/res.cloudinary.com\/dtlfqu2xj\/images\/f_auto,q_auto\/v1657767002\/HKPRO\/cropped-favicon-logo\/cropped-favicon-logo.png?_i=AA","contentUrl":"https:\/\/res.cloudinary.com\/dtlfqu2xj\/images\/f_auto,q_auto\/v1657767002\/HKPRO\/cropped-favicon-logo\/cropped-favicon-logo.png?_i=AA","width":512,"height":512,"caption":"Helsinkipro Logo"},{"@type":"BreadcrumbList","@id":"https:\/\/helsinkipro.com\/nosotrxs\/#breadcrumb","itemListElement":[{"@type":"ListItem","position":1,"name":"Portada","item":"https:\/\/helsinkipro.com\/"},{"@type":"ListItem","position":2,"name":"Nosotrxs"}]},{"@type":"WebSite","@id":"https:\/\/helsinkipro.com\/#website","url":"https:\/\/helsinkipro.com\/","name":"HELSINKIPRO - Record Label, Booking, Management & Merch","description":"Somos Helsinkipro, el sello discogr\u00e1fico de m\u00fasica urbana dedicado a la producci\u00f3n musical, booking, management de artistas y merchandising oficial para fans.","publisher":{"@id":"https:\/\/helsinkipro.com\/#organization"},"potentialAction":[{"@type":"SearchAction","target":{"@type":"EntryPoint","urlTemplate":"https:\/\/helsinkipro.com\/?s={search_term_string}"},"query-input":{"@type":"PropertyValueSpecification","valueRequired":true,"valueName":"search_term_string"}}],"inLanguage":"en-US"},{"@type":"Organization","@id":"https:\/\/helsinkipro.com\/#organization","name":"HELSINKIPRO - Record Label, Booking, Management & Merch","url":"https:\/\/helsinkipro.com\/","logo":{"@type":"ImageObject","inLanguage":"en-US","@id":"https:\/\/helsinkipro.com\/#\/schema\/logo\/image\/","url":"https:\/\/res.cloudinary.com\/dtlfqu2xj\/images\/f_auto,q_auto\/v1686759603\/HKPRO\/HELSINKIPRO_SHOPIFY\/HELSINKIPRO_SHOPIFY.jpg?_i=AA","contentUrl":"https:\/\/res.cloudinary.com\/dtlfqu2xj\/images\/f_auto,q_auto\/v1686759603\/HKPRO\/HELSINKIPRO_SHOPIFY\/HELSINKIPRO_SHOPIFY.jpg?_i=AA","width":1200,"height":628,"caption":"HELSINKIPRO - Record Label, Booking, Management & Merch"},"image":{"@id":"https:\/\/helsinkipro.com\/#\/schema\/logo\/image\/"},"sameAs":["https:\/\/www.facebook.com\/helsinkiprobcn\/","https:\/\/x.com\/helsinkipro","https:\/\/www.instagram.com\/helsinki_pro\/","https:\/\/www.tiktok.com\/@helsinkipro?lang=en"]}]}},"_links":{"self":[{"href":"https:\/\/helsinkipro.com\/en\/wp-json\/wp\/v2\/pages\/2866","targetHints":{"allow":["GET"]}}],"collection":[{"href":"https:\/\/helsinkipro.com\/en\/wp-json\/wp\/v2\/pages"}],"about":[{"href":"https:\/\/helsinkipro.com\/en\/wp-json\/wp\/v2\/types\/page"}],"author":[{"embeddable":true,"href":"https:\/\/helsinkipro.com\/en\/wp-json\/wp\/v2\/users\/1"}],"replies":[{"embeddable":true,"href":"https:\/\/helsinkipro.com\/en\/wp-json\/wp\/v2\/comments?post=2866"}],"version-history":[{"count":114,"href":"https:\/\/helsinkipro.com\/en\/wp-json\/wp\/v2\/pages\/2866\/revisions"}],"predecessor-version":[{"id":3173516,"href":"https:\/\/helsinkipro.com\/en\/wp-json\/wp\/v2\/pages\/2866\/revisions\/3173516"}],"wp:featuredmedia":[{"embeddable":true,"href":"https:\/\/helsinkipro.com\/en\/wp-json\/wp\/v2\/media\/3258"}],"wp:attachment":[{"href":"https:\/\/helsinkipro.com\/en\/wp-json\/wp\/v2\/media?parent=2866"}],"curies":[{"name":"wp","href":"https:\/\/api.w.org\/{rel}","templated":true}]}}